{"id":9958,"date":"2022-01-28T11:22:29","date_gmt":"2022-01-28T10:22:29","guid":{"rendered":"http:\/\/grain-dpixel.fr\/info\/?page_id=9958"},"modified":"2022-02-13T18:26:42","modified_gmt":"2022-02-13T17:26:42","slug":"elsa-dupont-revers-de-ma-vie","status":"publish","type":"page","link":"https:\/\/grain-dpixel.fr\/info\/expositions-photographie-contemporaine-grain-dpixel\/elsa-dupont-revers-de-ma-vie\/","title":{"rendered":"Elsa Dupont &#8211; Revers de ma vie"},"content":{"rendered":"\n<div class=\"wp-block-image\"><figure class=\"aligncenter size-large\"><a href=\"http:\/\/grain-dpixel.fr\/info\/wp-content\/uploads\/2022\/01\/affiche.jpg\"><img fetchpriority=\"high\" decoding=\"async\" width=\"724\" height=\"1024\" src=\"http:\/\/grain-dpixel.fr\/info\/wp-content\/uploads\/2022\/01\/affiche.jpg\" alt=\"\" class=\"wp-image-9960\" srcset=\"https:\/\/grain-dpixel.fr\/info\/wp-content\/uploads\/2022\/01\/affiche.jpg 724w, https:\/\/grain-dpixel.fr\/info\/wp-content\/uploads\/2022\/01\/affiche-212x300.jpg 212w\" sizes=\"(max-width: 724px) 100vw, 724px\" \/><\/a><\/figure><\/div>\n\n\n\n<p>Samedi 12 f\u00e9vrier : de 10h00 \u00e0 12h00 et de 14h00 \u00e0 18h00 &#8211; Vernissage \u00e0 18h00<br>Dimanche 13 f\u00e9vrier : <strong><a rel=\"noreferrer noopener\" href=\"https:\/\/grain-d-pixel-association-pour-la-photographie.assoconnect.com\/collect\/description\/222215-m-visite-privee-de-l-exposition-revers-de-ma-vie\" target=\"_blank\">Visite priv\u00e9e de 10h00 \u00e0 12h00 (sur r\u00e9servation en pr\u00e9sence de l&rsquo;artiste)<\/a><\/strong> et de 14h00 \u00e0 18h00<br>Lundi 14 f\u00e9vrier : de 10h00 \u00e0 17h30 &#8211; Nocturne de 17h30 \u00e0 19h30 (en pr\u00e9sence de l&rsquo;artiste)<br>Mardi 15 f\u00e9vrier : de 10h00 \u00e0 17h30 &#8211; Nocturne de 17h30 \u00e0 19h30 (en pr\u00e9sence de l&rsquo;artiste)<br>Mercredi 16 f\u00e9vrier : de 10h00 \u00e0 12h00 et <a rel=\"noreferrer noopener\" href=\"https:\/\/grain-d-pixel-association-pour-la-photographie.assoconnect.com\/collect\/description\/222215-m-visite-privee-de-l-exposition-revers-de-ma-vie\" target=\"_blank\"><strong>Visite priv\u00e9e de 12h00 \u00e0 14h00 (sur r\u00e9servation en pr\u00e9sence de l&rsquo;artiste)<\/strong><\/a> et de 14h00 \u00e0 17h30 &#8211; Nocturne de 17h30 \u00e0 19h30 (en pr\u00e9sence de l&rsquo;artiste)<br>Jeudi 17 f\u00e9vrier : de 10h00 \u00e0 17h30 &#8211; Nocturne de 17h30 \u00e0 19h30 (en pr\u00e9sence de l&rsquo;artiste)<br>Vendredi 18 f\u00e9vrier ! de 10h00 \u00e0 17h30 &#8211; Nocturne de 17h30 \u00e0 19h30 (en pr\u00e9sence de l&rsquo;artiste)<br>Samedi 19 f\u00e9vrier : de de 10h00 \u00e0 12h00 et de 14h00 \u00e0 18h00 (en pr\u00e9sence de l&rsquo;artiste)<br>Dimanche 20 f\u00e9vrier : <a rel=\"noreferrer noopener\" href=\"https:\/\/grain-d-pixel-association-pour-la-photographie.assoconnect.com\/collect\/description\/222215-m-visite-privee-de-l-exposition-revers-de-ma-vie\" target=\"_blank\"><strong>Visite priv\u00e9e de 10h00 \u00e0 12h00 (sur r\u00e9servation en pr\u00e9sence de l&rsquo;artiste)<\/strong><\/a> et de 14h00 \u00e0 17h00<\/p>\n\n\n\n<p><\/p>\n","protected":false},"excerpt":{"rendered":"<p>Samedi 12 f\u00e9vrier : de 10h00 \u00e0 12h00 et de 14h00 \u00e0 18h00 &#8211; Vernissage \u00e0 18h00Dimanche 13 f\u00e9vrier : Visite priv\u00e9e de 10h00 \u00e0 12h00 (sur r\u00e9servation en pr\u00e9sence [&hellip;]<\/p>\n","protected":false},"author":1,"featured_media":9959,"parent":9953,"menu_order":0,"comment_status":"closed","ping_status":"closed","template":"","meta":{"_bbp_topic_count":0,"_bbp_reply_count":0,"_bbp_total_topic_count":0,"_bbp_total_reply_count":0,"_bbp_voice_count":0,"_bbp_anonymous_reply_count":0,"_bbp_topic_count_hidden":0,"_bbp_reply_count_hidden":0,"_bbp_forum_subforum_count":0,"_monsterinsights_skip_tracking":false,"_monsterinsights_sitenote_active":false,"_monsterinsights_sitenote_note":"","_monsterinsights_sitenote_category":0,"footnotes":""},"class_list":["post-9958","page","type-page","status-publish","has-post-thumbnail","hentry"],"jetpack_sharing_enabled":true,"_links":{"self":[{"href":"https:\/\/grain-dpixel.fr\/info\/wp-json\/wp\/v2\/pages\/9958","targetHints":{"allow":["GET"]}}],"collection":[{"href":"https:\/\/grain-dpixel.fr\/info\/wp-json\/wp\/v2\/pages"}],"about":[{"href":"https:\/\/grain-dpixel.fr\/info\/wp-json\/wp\/v2\/types\/page"}],"author":[{"embeddable":true,"href":"https:\/\/grain-dpixel.fr\/info\/wp-json\/wp\/v2\/users\/1"}],"replies":[{"embeddable":true,"href":"https:\/\/grain-dpixel.fr\/info\/wp-json\/wp\/v2\/comments?post=9958"}],"version-history":[{"count":7,"href":"https:\/\/grain-dpixel.fr\/info\/wp-json\/wp\/v2\/pages\/9958\/revisions"}],"predecessor-version":[{"id":9997,"href":"https:\/\/grain-dpixel.fr\/info\/wp-json\/wp\/v2\/pages\/9958\/revisions\/9997"}],"up":[{"embeddable":true,"href":"https:\/\/grain-dpixel.fr\/info\/wp-json\/wp\/v2\/pages\/9953"}],"wp:featuredmedia":[{"embeddable":true,"href":"https:\/\/grain-dpixel.fr\/info\/wp-json\/wp\/v2\/media\/9959"}],"wp:attachment":[{"href":"https:\/\/grain-dpixel.fr\/info\/wp-json\/wp\/v2\/media?parent=9958"}],"curies":[{"name":"wp","href":"https:\/\/api.w.org\/{rel}","templated":true}]}}