{"id":8853,"date":"2021-05-04T07:33:03","date_gmt":"2021-05-04T05:33:03","guid":{"rendered":"http:\/\/grain-dpixel.fr\/info\/?page_id=8853"},"modified":"2026-02-03T11:54:16","modified_gmt":"2026-02-03T10:54:16","slug":"soutenir-le-festival","status":"publish","type":"page","link":"https:\/\/grain-dpixel.fr\/info\/soutenir-le-festival\/","title":{"rendered":"Soutenir le Festival"},"content":{"rendered":"\n<p>Soutenir le Festival Photographie Besan\u00e7on,  c\u2019est participer \u00e0 une aventure qui se veut un lieu d\u2019\u00e9change et de rencontre, de formation et d\u2019exposition de photographies.<\/p>\n\n\n\n<p><strong><span class=\"has-inline-color has-vivid-red-color\">D\u00e9velopper la culture photographique dans le Grand Besan\u00e7on<\/span><\/strong><\/p>\n\n\n\n<ul class=\"wp-block-list\">\n<li>Un rallye photographique, 30 participants qui s\u2019\u00e9gaient quelques heures au centre ville de Besan\u00e7on,<\/li>\n\n\n\n<li>50 photographes expos\u00e9s, des jeunes et des moins jeunes, confirm\u00e9s ou pas, qui ont carte blanche dans le choix de leur sujet,<\/li>\n\n\n\n<li>Des ateliers et des conf\u00e9rences,<\/li>\n<\/ul>\n\n\n\n<p><strong><span class=\"has-inline-color has-vivid-red-color\">Financer&nbsp;les d\u00e9tails qui font la diff\u00e9rence et la r\u00e9putation de notre Festival<\/span><\/strong><\/p>\n\n\n\n<ul class=\"wp-block-list\">\n<li>Le catalogue des expositions distribu\u00e9 gratuitement,<\/li>\n\n\n\n<li>La gratuit\u00e9 pour les exposants, ce n\u2019est pas fr\u00e9quent et nous y tenons,<\/li>\n\n\n\n<li>La gratuit\u00e9 pour les visiteurs des expositions, ainsi que pour la plupart des conf\u00e9rences,<\/li>\n\n\n\n<li>Les lots offerts au Rallye photographique,<\/li>\n\n\n\n<li>Un accueil qualitatif qui fait la r\u00e9putation de ce festival, <\/li>\n<\/ul>\n\n\n\n<p><strong><span class=\"has-inline-color has-vivid-red-color\">Notre ambition : \u00e9tendre l&rsquo;envergure de notre Festival, pour en faire l&rsquo;un des rendez vous r\u00e9gionaux phares. <\/span><\/strong><\/p>\n\n\n\n<p>Cela passe par plus de lieux d&rsquo;exposition \u00e9quip\u00e9s, plus de photographes exposants, plus de b\u00e9n\u00e9voles, mais aussi des partenariats pour l&rsquo;h\u00e9bergement, l&rsquo;accueil des ateliers et conf\u00e9rences, des concours prim\u00e9s pour soutenir la production artistique et la possibilit\u00e9 d&rsquo;inviter des photographes renomm\u00e9s. <strong>Serez-vous \u00e0 nos cot\u00e9s ?<\/strong><\/p>\n\n\n\n<p style=\"font-size:25px\"><strong>Plusieurs fa\u00e7ons de soutenir le Festival <\/strong><em>(cliquer sur les liens en Gras)<\/em><\/p>\n\n\n\n<p class=\"has-medium-font-size\"><a rel=\"noreferrer noopener\" href=\"http:\/\/grain-dpixel.fr\/info\/partenaires-et-sponsors\/\" target=\"_blank\"><strong>\u00catre sponsor<\/strong><\/a> : un encart dans notre catalogue, votre logo sur nos publications<\/p>\n\n\n\n<p class=\"has-medium-font-size\"><a href=\"https:\/\/grain-d-pixel-association-pour-la-photographie.assoconnect.com\/collect\/description\/209686-y-nous-soutenir-par-votre-don\" target=\"_blank\" rel=\"noreferrer noopener\"><strong>Devenez m\u00e9c\u00e8ne en faisant un don<\/strong><\/a> qui apportera votre soutien \u00e0 l&rsquo;organisation de l&rsquo;\u00e9v\u00e8nement et qui vous permettra de b\u00e9n\u00e9ficier d&rsquo;une r\u00e9duction fiscale<\/p>\n\n\n\n<p class=\"has-medium-font-size\"><strong><a rel=\"noreferrer noopener\" href=\"http:\/\/grain-dpixel.fr\/info\/adhesion\/\" target=\"_blank\">Adh\u00e9rer \u00e0 l&rsquo;association<\/a><\/strong>, participer aux activit\u00e9s et contribuer \u00e0 l&rsquo;organisation du Festival<\/p>\n\n\n\n<p class=\"has-medium-font-size\"><a rel=\"noreferrer noopener\" href=\"https:\/\/www.facebook.com\/festivalphotobesancongraindpixel\" target=\"_blank\"><strong>Promouvoir<\/strong> <\/a>: visiter les expositions, venir aux conf\u00e9rences, ateliers et en parler autour de vous et sur les r\u00e9seaux sociaux<\/p>\n\n\n\n<p><\/p>\n","protected":false},"excerpt":{"rendered":"<p>Soutenir le Festival Photographie Besan\u00e7on, c\u2019est participer \u00e0 une aventure qui se veut un lieu d\u2019\u00e9change et de rencontre, de formation et d\u2019exposition de photographies. D\u00e9velopper la culture photographique dans [&hellip;]<\/p>\n","protected":false},"author":4,"featured_media":0,"parent":0,"menu_order":0,"comment_status":"closed","ping_status":"closed","template":"","meta":{"_bbp_topic_count":0,"_bbp_reply_count":0,"_bbp_total_topic_count":0,"_bbp_total_reply_count":0,"_bbp_voice_count":0,"_bbp_anonymous_reply_count":0,"_bbp_topic_count_hidden":0,"_bbp_reply_count_hidden":0,"_bbp_forum_subforum_count":0,"_monsterinsights_skip_tracking":false,"_monsterinsights_sitenote_active":false,"_monsterinsights_sitenote_note":"","_monsterinsights_sitenote_category":0,"footnotes":""},"class_list":["post-8853","page","type-page","status-publish","hentry"],"jetpack_sharing_enabled":true,"_links":{"self":[{"href":"https:\/\/grain-dpixel.fr\/info\/wp-json\/wp\/v2\/pages\/8853","targetHints":{"allow":["GET"]}}],"collection":[{"href":"https:\/\/grain-dpixel.fr\/info\/wp-json\/wp\/v2\/pages"}],"about":[{"href":"https:\/\/grain-dpixel.fr\/info\/wp-json\/wp\/v2\/types\/page"}],"author":[{"embeddable":true,"href":"https:\/\/grain-dpixel.fr\/info\/wp-json\/wp\/v2\/users\/4"}],"replies":[{"embeddable":true,"href":"https:\/\/grain-dpixel.fr\/info\/wp-json\/wp\/v2\/comments?post=8853"}],"version-history":[{"count":18,"href":"https:\/\/grain-dpixel.fr\/info\/wp-json\/wp\/v2\/pages\/8853\/revisions"}],"predecessor-version":[{"id":17712,"href":"https:\/\/grain-dpixel.fr\/info\/wp-json\/wp\/v2\/pages\/8853\/revisions\/17712"}],"wp:attachment":[{"href":"https:\/\/grain-dpixel.fr\/info\/wp-json\/wp\/v2\/media?parent=8853"}],"curies":[{"name":"wp","href":"https:\/\/api.w.org\/{rel}","templated":true}]}}