{"id":7682,"date":"2019-10-26T10:42:22","date_gmt":"2019-10-26T08:42:22","guid":{"rendered":"http:\/\/grain-dpixel.fr\/info\/?page_id=7682"},"modified":"2025-12-29T14:54:00","modified_gmt":"2025-12-29T13:54:00","slug":"adhesion","status":"publish","type":"page","link":"https:\/\/grain-dpixel.fr\/info\/adhesion\/","title":{"rendered":"Adh\u00e9sion 2026"},"content":{"rendered":"\n<p style=\"font-size:20px\">Pour participer aux activit\u00e9s de Grain d&rsquo;Pixel, il est n\u00e9cessaire d&rsquo;adh\u00e9rer \u00e0 l&rsquo;association.<br>Bien entendu, si vous souhaitez vous rendre compte \u00ab\u00a0de visu\u00a0\u00bb comment se passent nos r\u00e9unions, vous pouvez venir une premi\u00e8re fois en vous inscrivant en commentaire sur une des activit\u00e9s propos\u00e9es dans le <a href=\"http:\/\/grain-dpixel.fr\/info\/?post_type=tribe_events\">calendrier<\/a>.<\/p>\n\n\n\n<p style=\"font-size:20px\">Les nouvelles adh\u00e9sions sont valables jusqu&rsquo;au 31 d\u00e9cembre 2026.<\/p>\n\n\n\n<p style=\"font-size:26px\">Cliquez <strong><a href=\"https:\/\/grain-d-pixel-association-pour-la-photographie.assoconnect.com\/collect\/description\/650352-y-adhesion-2026\" data-type=\"link\" data-id=\"https:\/\/grain-d-pixel-association-pour-la-photographie.assoconnect.com\/collect\/description\/650352-y-adhesion-2026\" target=\"_blank\" rel=\"noreferrer noopener\">ICI<\/a><\/strong> pour adh\u00e9rer.<\/p>\n\n\n\n<p style=\"font-size:20px\">Vous pouvez utiliser le Qrcode ci-dessous :<\/p>\n\n\n\n<figure class=\"wp-block-image size-full is-resized\"><a href=\"https:\/\/grain-dpixel.fr\/info\/wp-content\/uploads\/2025\/12\/Adhesion-2026.png\"><img decoding=\"async\" width=\"220\" height=\"220\" src=\"https:\/\/grain-dpixel.fr\/info\/wp-content\/uploads\/2025\/12\/Adhesion-2026.png\" alt=\"\" class=\"wp-image-17626\" style=\"width:288px;height:auto\" srcset=\"https:\/\/grain-dpixel.fr\/info\/wp-content\/uploads\/2025\/12\/Adhesion-2026.png 220w, https:\/\/grain-dpixel.fr\/info\/wp-content\/uploads\/2025\/12\/Adhesion-2026-150x150.png 150w\" sizes=\"(max-width: 220px) 100vw, 220px\" \/><\/a><\/figure>\n","protected":false},"excerpt":{"rendered":"<p>Pour participer aux activit\u00e9s de Grain d&rsquo;Pixel, il est n\u00e9cessaire d&rsquo;adh\u00e9rer \u00e0 l&rsquo;association.Bien entendu, si vous souhaitez vous rendre compte \u00ab\u00a0de visu\u00a0\u00bb comment se passent nos r\u00e9unions, vous pouvez venir [&hellip;]<\/p>\n","protected":false},"author":1,"featured_media":0,"parent":0,"menu_order":0,"comment_status":"closed","ping_status":"closed","template":"","meta":{"_bbp_topic_count":0,"_bbp_reply_count":0,"_bbp_total_topic_count":0,"_bbp_total_reply_count":0,"_bbp_voice_count":0,"_bbp_anonymous_reply_count":0,"_bbp_topic_count_hidden":0,"_bbp_reply_count_hidden":0,"_bbp_forum_subforum_count":0,"_monsterinsights_skip_tracking":false,"_monsterinsights_sitenote_active":false,"_monsterinsights_sitenote_note":"","_monsterinsights_sitenote_category":0,"footnotes":""},"class_list":["post-7682","page","type-page","status-publish","hentry"],"jetpack_sharing_enabled":true,"_links":{"self":[{"href":"https:\/\/grain-dpixel.fr\/info\/wp-json\/wp\/v2\/pages\/7682","targetHints":{"allow":["GET"]}}],"collection":[{"href":"https:\/\/grain-dpixel.fr\/info\/wp-json\/wp\/v2\/pages"}],"about":[{"href":"https:\/\/grain-dpixel.fr\/info\/wp-json\/wp\/v2\/types\/page"}],"author":[{"embeddable":true,"href":"https:\/\/grain-dpixel.fr\/info\/wp-json\/wp\/v2\/users\/1"}],"replies":[{"embeddable":true,"href":"https:\/\/grain-dpixel.fr\/info\/wp-json\/wp\/v2\/comments?post=7682"}],"version-history":[{"count":23,"href":"https:\/\/grain-dpixel.fr\/info\/wp-json\/wp\/v2\/pages\/7682\/revisions"}],"predecessor-version":[{"id":17636,"href":"https:\/\/grain-dpixel.fr\/info\/wp-json\/wp\/v2\/pages\/7682\/revisions\/17636"}],"wp:attachment":[{"href":"https:\/\/grain-dpixel.fr\/info\/wp-json\/wp\/v2\/media?parent=7682"}],"curies":[{"name":"wp","href":"https:\/\/api.w.org\/{rel}","templated":true}]}}