{"id":7282,"date":"2019-07-31T00:00:30","date_gmt":"2019-07-30T22:00:30","guid":{"rendered":"http:\/\/grain-dpixel.fr\/info\/?page_id=7282"},"modified":"2019-09-08T23:12:14","modified_gmt":"2019-09-08T21:12:14","slug":"rallye-2019","status":"publish","type":"page","link":"https:\/\/grain-dpixel.fr\/info\/rallye-2019\/","title":{"rendered":"Rallye Photographie Besan\u00e7on 2019"},"content":{"rendered":"\n<h1 class=\"wp-block-heading\" style=\"text-align:center\">INSCRIPTIONS<\/h1>\n\n\n\n<figure class=\"wp-block-image\"><img fetchpriority=\"high\" decoding=\"async\" width=\"828\" height=\"315\" src=\"http:\/\/grain-dpixel.fr\/info\/wp-content\/uploads\/2019\/07\/bandeau-Facebook-rallye-828x315.jpg\" alt=\"\" class=\"wp-image-7286\" srcset=\"https:\/\/grain-dpixel.fr\/info\/wp-content\/uploads\/2019\/07\/bandeau-Facebook-rallye-828x315.jpg 828w, https:\/\/grain-dpixel.fr\/info\/wp-content\/uploads\/2019\/07\/bandeau-Facebook-rallye-828x315-300x114.jpg 300w, https:\/\/grain-dpixel.fr\/info\/wp-content\/uploads\/2019\/07\/bandeau-Facebook-rallye-828x315-768x292.jpg 768w\" sizes=\"(max-width: 828px) 100vw, 828px\" \/><\/figure>\n\n\n\n<h3 class=\"wp-block-heading\" style=\"text-align:center\"><br>Le 21 septembre<br>de 14h00 \u00e0 18h00<\/h3>\n\n\n\n<h2 class=\"wp-block-heading\" style=\"text-align:center\">Grain d&rsquo;Pixel vous lance <br>4 d\u00e9fis photographiques<br>en 4 heures<br>et seulement 4 photos.<\/h2>\n\n\n\n<p style=\"text-align:center\">Munis de votre propre mat\u00e9riel photographique, toutes les heures vous d\u00e9couvrirez la nature d&rsquo;un d\u00e9fi \u00e0 relever en 60 minutes maximum. Votre terrain de jeu sera le centre ville de Besan\u00e7on. L&rsquo;enjeu : r\u00e9v\u00e9ler dans une seule photo votre<strong> sens artistique<\/strong> en <strong>respectant les termes <\/strong>du d\u00e9fi. Un jury de professionnels d\u00e9signera 3 laur\u00e9ats par d\u00e9fi et un prix sp\u00e9cial. Les laur\u00e9ats seront r\u00e9compens\u00e9s. ET tous les participants recevront un lot de consolation.<\/p>\n\n\n\n<h4 class=\"wp-block-heading\" style=\"text-align:center\">Le Rallye Photographie Besan\u00e7on c&rsquo;est l&rsquo;occasion de partager la passion de la photographie entre les concurrents pendant les d\u00e9fis mais pas seulement. En acceptant de concourir, vous accepter de c\u00e9der un tirage de l&rsquo;une de vos photographies \u00e0 un autre concurrent. Pendant que le jury d\u00e9lib\u00e8re, vous aurez tout le temps de discuter entre vous pour choisir une photo d&rsquo;un des autres participants.<br>Et vous pourrez voter pour votre photo pr\u00e9f\u00e9r\u00e9e parmi toutes celles qui auront \u00e9t\u00e9 soumises par tous les concurrents lors des trois premiers d\u00e9fis.<\/h4>\n\n\n\n<p style=\"text-align:center\" class=\"has-text-color has-vivid-red-color\">Consultez le <br><a rel=\"noreferrer noopener\" aria-label=\" (s\u2019ouvre dans un nouvel onglet)\" href=\"http:\/\/grain-dpixel.fr\/info\/wp-content\/uploads\/2019\/07\/Reglement_complet_du_rallye_photo_du_festival_besancon_2019.pdf\" target=\"_blank\">R<strong>\u00e8glement complet du Rallye Photo du Festival Photographie Besan\u00e7on_2019<\/strong><\/a><\/p>\n\n\n\n<p style=\"text-align:center\" class=\"has-text-color has-vivid-red-color\"><a href=\"http:\/\/grain-dpixel.fr\/info\/wp-content\/uploads\/2019\/09\/plan-le-mo-doubs.pdf\"><strong>T\u00e9l\u00e9chargez le plan d&rsquo;acc\u00e8s<\/strong><\/a><\/p>\n\n\n\n<p style=\"text-align:center\">Les droits d&rsquo;inscription s&rsquo;\u00e9l\u00e8vent \u00e0 15 \u20ac<\/p>\n\n\n\n<p style=\"text-align:center\" class=\"has-medium-font-size\">Les inscriptions sont ouvertes <br><strong>jusqu&rsquo;au 19 septembre 2019<\/strong> <strong>minuit<\/strong> <br>et le nombre de places est limit\u00e9 n&rsquo;attendez pas.<\/p>\n\n\n\n<p style=\"text-align:center\" class=\"has-text-color has-large-font-size has-vivid-red-color\">L&rsquo;inscription est obligatoire.<\/p>\n\n\n\n<iframe id=\"haWidget\" allowtransparency=\"true\" src=\"https:\/\/www.helloasso.com\/associations\/grain-d-pixel\/evenements\/rallye-photographie-besancon\/widget-bouton\" style=\"width:100%;height:70px;border:none;\"><\/iframe><div style=\"width:100%;text-align:center;\">Propuls\u00e9 par <a href=\"https:\/\/www.helloasso.com\" rel=\"nofollow\">HelloAsso<\/a><\/div>\n\n\n\n<figure class=\"wp-block-image\"><img decoding=\"async\" width=\"1024\" height=\"341\" src=\"http:\/\/grain-dpixel.fr\/info\/wp-content\/uploads\/2019\/08\/LOGOS-sponsors-rallye-2019-site-et-facebook-1024x341.jpg\" alt=\"\" class=\"wp-image-7327\" srcset=\"https:\/\/grain-dpixel.fr\/info\/wp-content\/uploads\/2019\/08\/LOGOS-sponsors-rallye-2019-site-et-facebook.jpg 1024w, https:\/\/grain-dpixel.fr\/info\/wp-content\/uploads\/2019\/08\/LOGOS-sponsors-rallye-2019-site-et-facebook-300x100.jpg 300w, https:\/\/grain-dpixel.fr\/info\/wp-content\/uploads\/2019\/08\/LOGOS-sponsors-rallye-2019-site-et-facebook-768x256.jpg 768w\" sizes=\"(max-width: 1024px) 100vw, 1024px\" \/><\/figure>\n","protected":false},"excerpt":{"rendered":"<p>INSCRIPTIONS Le 21 septembrede 14h00 \u00e0 18h00 Grain d&rsquo;Pixel vous lance 4 d\u00e9fis photographiquesen 4 heureset seulement 4 photos. Munis de votre propre mat\u00e9riel photographique, toutes les heures vous d\u00e9couvrirez [&hellip;]<\/p>\n","protected":false},"author":1,"featured_media":0,"parent":0,"menu_order":0,"comment_status":"closed","ping_status":"closed","template":"","meta":{"_bbp_topic_count":0,"_bbp_reply_count":0,"_bbp_total_topic_count":0,"_bbp_total_reply_count":0,"_bbp_voice_count":0,"_bbp_anonymous_reply_count":0,"_bbp_topic_count_hidden":0,"_bbp_reply_count_hidden":0,"_bbp_forum_subforum_count":0,"_monsterinsights_skip_tracking":false,"_monsterinsights_sitenote_active":false,"_monsterinsights_sitenote_note":"","_monsterinsights_sitenote_category":0,"footnotes":""},"class_list":["post-7282","page","type-page","status-publish","hentry"],"jetpack_sharing_enabled":true,"_links":{"self":[{"href":"https:\/\/grain-dpixel.fr\/info\/wp-json\/wp\/v2\/pages\/7282","targetHints":{"allow":["GET"]}}],"collection":[{"href":"https:\/\/grain-dpixel.fr\/info\/wp-json\/wp\/v2\/pages"}],"about":[{"href":"https:\/\/grain-dpixel.fr\/info\/wp-json\/wp\/v2\/types\/page"}],"author":[{"embeddable":true,"href":"https:\/\/grain-dpixel.fr\/info\/wp-json\/wp\/v2\/users\/1"}],"replies":[{"embeddable":true,"href":"https:\/\/grain-dpixel.fr\/info\/wp-json\/wp\/v2\/comments?post=7282"}],"version-history":[{"count":19,"href":"https:\/\/grain-dpixel.fr\/info\/wp-json\/wp\/v2\/pages\/7282\/revisions"}],"predecessor-version":[{"id":8089,"href":"https:\/\/grain-dpixel.fr\/info\/wp-json\/wp\/v2\/pages\/7282\/revisions\/8089"}],"wp:attachment":[{"href":"https:\/\/grain-dpixel.fr\/info\/wp-json\/wp\/v2\/media?parent=7282"}],"curies":[{"name":"wp","href":"https:\/\/api.w.org\/{rel}","templated":true}]}}