{"id":4299,"date":"2017-07-13T15:21:11","date_gmt":"2017-07-13T13:21:11","guid":{"rendered":"http:\/\/grain-dpixel.fr\/info\/?page_id=4299"},"modified":"2020-10-02T09:12:00","modified_gmt":"2020-10-02T07:12:00","slug":"festival-photo-besancon","status":"publish","type":"page","link":"https:\/\/grain-dpixel.fr\/info\/festival-photo-besancon\/","title":{"rendered":"Festival Photo Besan\u00e7on"},"content":{"rendered":"<p><a href=\"http:\/\/grain-dpixel.fr\/info\/festival-photo-besancon\/projet-2020-affiche-web\/\" rel=\"attachment wp-att-6850\"><img fetchpriority=\"high\" decoding=\"async\" class=\"wp-image-8526 size-full aligncenter\" src=\"http:\/\/grain-dpixel.fr\/info\/wp-content\/uploads\/2020\/10\/projet-2020-affiche-web.jpg\" alt=\"\" width=\"842\" height=\"1191\" srcset=\"https:\/\/grain-dpixel.fr\/info\/wp-content\/uploads\/2020\/10\/projet-2020-affiche-web.jpg 842w, https:\/\/grain-dpixel.fr\/info\/wp-content\/uploads\/2020\/10\/projet-2020-affiche-web-212x300.jpg 212w, https:\/\/grain-dpixel.fr\/info\/wp-content\/uploads\/2020\/10\/projet-2020-affiche-web-724x1024.jpg 724w, https:\/\/grain-dpixel.fr\/info\/wp-content\/uploads\/2020\/10\/projet-2020-affiche-web-768x1086.jpg 768w\" sizes=\"(max-width: 842px) 100vw, 842px\" \/><\/a><\/p>\n<h2 style=\"text-align: center;\"><a href=\"http:\/\/grain-dpixel.fr\/info\/category\/festival-2020\/\"><span style=\"color: #ff0000;\">Retrouvez les interviews quotidiennes des photographes<\/span><\/a><\/h2>\n\n\n<p class=\"has-text-align-center\">Toutes les bonnes volont\u00e9s sont les bienvenues.<br>Si vous aimez la photo, que vous la pratiquiez ou non, vos pouvez rejoindre Grain d&rsquo;Pixel<\/p>\n\n\n\n<p class=\"has-text-align-center\">Pour participer b\u00e9n\u00e9volement \u00e0 la pr\u00e9paration et au d\u00e9roulement du festival et du rallye ou aux activit\u00e9s de club photo, il vous suffit d&rsquo;adh\u00e9rer :<\/p>\n\n\n\n<iframe id=\"haWidget\" allowtransparency=\"true\" src=\"https:\/\/www.helloasso.com\/associations\/grain-d-pixel\/adhesions\/adhesion-grain-d-pixel-2021\/widget-bouton\" style=\"width:100%;height:70px;border:none;\"><\/iframe><div style=\"width:100%;text-align:center;\">Propuls\u00e9 par <a href=\"https:\/\/www.helloasso.com\" rel=\"nofollow\">HelloAsso<\/a><\/div>\n\n\n\n<p><\/p>\n","protected":false},"excerpt":{"rendered":"<p>Retrouvez les interviews quotidiennes des photographes Toutes les bonnes volont\u00e9s sont les bienvenues.Si vous aimez la photo, que vous la pratiquiez ou non, vos pouvez rejoindre Grain d&rsquo;Pixel Pour participer [&hellip;]<\/p>\n","protected":false},"author":1,"featured_media":0,"parent":0,"menu_order":0,"comment_status":"closed","ping_status":"closed","template":"","meta":{"_bbp_topic_count":0,"_bbp_reply_count":0,"_bbp_total_topic_count":0,"_bbp_total_reply_count":0,"_bbp_voice_count":0,"_bbp_anonymous_reply_count":0,"_bbp_topic_count_hidden":0,"_bbp_reply_count_hidden":0,"_bbp_forum_subforum_count":0,"_monsterinsights_skip_tracking":false,"_monsterinsights_sitenote_active":false,"_monsterinsights_sitenote_note":"","_monsterinsights_sitenote_category":0,"footnotes":""},"class_list":["post-4299","page","type-page","status-publish","hentry"],"jetpack_sharing_enabled":true,"_links":{"self":[{"href":"https:\/\/grain-dpixel.fr\/info\/wp-json\/wp\/v2\/pages\/4299","targetHints":{"allow":["GET"]}}],"collection":[{"href":"https:\/\/grain-dpixel.fr\/info\/wp-json\/wp\/v2\/pages"}],"about":[{"href":"https:\/\/grain-dpixel.fr\/info\/wp-json\/wp\/v2\/types\/page"}],"author":[{"embeddable":true,"href":"https:\/\/grain-dpixel.fr\/info\/wp-json\/wp\/v2\/users\/1"}],"replies":[{"embeddable":true,"href":"https:\/\/grain-dpixel.fr\/info\/wp-json\/wp\/v2\/comments?post=4299"}],"version-history":[{"count":28,"href":"https:\/\/grain-dpixel.fr\/info\/wp-json\/wp\/v2\/pages\/4299\/revisions"}],"predecessor-version":[{"id":8799,"href":"https:\/\/grain-dpixel.fr\/info\/wp-json\/wp\/v2\/pages\/4299\/revisions\/8799"}],"wp:attachment":[{"href":"https:\/\/grain-dpixel.fr\/info\/wp-json\/wp\/v2\/media?parent=4299"}],"curies":[{"name":"wp","href":"https:\/\/api.w.org\/{rel}","templated":true}]}}