{"id":4108,"date":"2017-05-25T00:00:56","date_gmt":"2017-05-24T22:00:56","guid":{"rendered":"http:\/\/grain-dpixel.fr\/info\/?page_id=4108"},"modified":"2018-08-04T10:29:57","modified_gmt":"2018-08-04T08:29:57","slug":"rallye2018","status":"publish","type":"page","link":"https:\/\/grain-dpixel.fr\/info\/rallye2018\/","title":{"rendered":"Rallye photo Besan\u00e7on 2018"},"content":{"rendered":"<h1 style=\"text-align: center;\">INSCRIPTIONS<img fetchpriority=\"high\" decoding=\"async\" class=\"alignnone size-large wp-image-5806\" src=\"http:\/\/grain-dpixel.fr\/info\/wp-content\/uploads\/2017\/05\/Accroche-rallye-2018-1024x680.jpg\" alt=\"\" width=\"604\" height=\"401\" \/><\/h1>\n<h3 style=\"text-align: center;\">de 14h00 \u00e0 18h00<\/h3>\n<h2 style=\"text-align: center;\">Grain d&rsquo;pixel vous lance 4 d\u00e9fis photographiques.<\/h2>\n<p>Munis de votre propre mat\u00e9riel photographique, toutes les heures vous d\u00e9couvrirez la nature d&rsquo;un d\u00e9fi \u00e0 relever en 60 minutes maximum. Votre terrain de jeu sera le centre ville de Besan\u00e7on. L&rsquo;enjeu : r\u00e9v\u00e9ler dans une seule photo votre sens artistique en respectant les termes du d\u00e9fi. Un jury de professionnels d\u00e9signera 3 laur\u00e9ats par d\u00e9fi et un prix sp\u00e9cial. Les laur\u00e9ats seront r\u00e9compens\u00e9s. Mais tous les participants recevront un lot de consolation.<\/p>\n<h3 style=\"text-align: center;\">Le Rallye Photographie Besan\u00e7on c&rsquo;est l&rsquo;occasion de partager la passion de la photographie entre les concurrents pendant les d\u00e9fis mais pas seulement. En acceptant de concourir, vous accepter de c\u00e9der un tirage de l&rsquo;une de vos photographies \u00e0 un autre concurrent. Pendant que le jury d\u00e9lib\u00e8re, vous aurez tout le temps de discuter entre vous pour choisir une photo d&rsquo;un des autres participants.<\/h3>\n<p>Les droits d&rsquo;inscription s&rsquo;\u00e9l\u00e8vent \u00e0 15 \u20ac<\/p>\n<p>L&rsquo;inscription est obligatoire.<\/p>\n<p>Les inscriptions sont ouvertes <strong>jusqu&rsquo;au 16 septembre 2018<\/strong> <strong>minuit<\/strong> et le nombre de places est limit\u00e9 n&rsquo;attendez pas.<\/p>\n<p style=\"text-align: center;\">Consultez le<\/p>\n<h3 style=\"text-align: center;\"><a href=\"http:\/\/grain-dpixel.fr\/info\/wp-content\/uploads\/2018\/06\/Reglement_complet_du_rallye_photo_besancon_2018.pdf\" target=\"_blank\" rel=\"noopener noreferrer\">R\u00e8glement complet du rallye photo num\u00e9rique de besan\u00e7on<\/a><\/h3>\n<p style=\"text-align: center;\">\u00a0et&#8230;<\/p>\n<h1 style=\"text-align: center;\"><span style=\"color: #ff0000;\">INSCRIVEZ-VOUS ICI<\/span><\/h1>\n<p><a class=\"weezevent-widget-integration\" title=\"Logiciel billetterie en ligne\" href=\"https:\/\/www.weezevent.com\/?c=sys_widget\" target=\"_blank\" rel=\"noopener\" data-src=\"https:\/\/www.weezevent.com\/widget_billeterie.php?id_evenement=351183&amp;lg_billetterie=1&amp;code=34935&amp;resize=1&amp;width_auto=1&amp;color_primary=00AEEF\" data-width=\"650\" data-height=\"600\" data-id=\"351183\" data-resize=\"1\" data-width_auto=\"1\" data-noscroll=\"0\" data-nopb=\"0\">Billetterie Weezevent<\/a><script type=\"text\/javascript\" src=\"https:\/\/www.weezevent.com\/js\/widget\/min\/widget.min.js\"><\/script><\/p>\n<p>L\u2019association Grain d\u2019Pixel remercie tous les partenaires qui ont rendu possible l\u2019organisation du rallye par leur soutien\u00a0:<\/p>\n<p><a href=\"http:\/\/grain-dpixel.fr\/info\/wp-content\/uploads\/2017\/05\/LOGOS-sponsors-rallye.pdf\" target=\"_blank\" rel=\"noopener\"><img decoding=\"async\" class=\"alignnone wp-image-5984 size-full\" src=\"http:\/\/grain-dpixel.fr\/info\/wp-content\/uploads\/2017\/05\/LOGOS-sponsors-rallye-pdf.jpg\" alt=\"\" width=\"907\" height=\"302\" \/><\/a><\/p>\n","protected":false},"excerpt":{"rendered":"<p>INSCRIPTIONS de 14h00 \u00e0 18h00 Grain d&rsquo;pixel vous lance 4 d\u00e9fis photographiques. Munis de votre propre mat\u00e9riel photographique, toutes les heures vous d\u00e9couvrirez la nature d&rsquo;un d\u00e9fi \u00e0 relever en [&hellip;]<\/p>\n","protected":false},"author":1,"featured_media":0,"parent":0,"menu_order":0,"comment_status":"closed","ping_status":"closed","template":"","meta":{"_bbp_topic_count":0,"_bbp_reply_count":0,"_bbp_total_topic_count":0,"_bbp_total_reply_count":0,"_bbp_voice_count":0,"_bbp_anonymous_reply_count":0,"_bbp_topic_count_hidden":0,"_bbp_reply_count_hidden":0,"_bbp_forum_subforum_count":0,"_monsterinsights_skip_tracking":false,"_monsterinsights_sitenote_active":false,"_monsterinsights_sitenote_note":"","_monsterinsights_sitenote_category":0,"footnotes":""},"class_list":["post-4108","page","type-page","status-publish","hentry"],"jetpack_sharing_enabled":true,"_links":{"self":[{"href":"https:\/\/grain-dpixel.fr\/info\/wp-json\/wp\/v2\/pages\/4108","targetHints":{"allow":["GET"]}}],"collection":[{"href":"https:\/\/grain-dpixel.fr\/info\/wp-json\/wp\/v2\/pages"}],"about":[{"href":"https:\/\/grain-dpixel.fr\/info\/wp-json\/wp\/v2\/types\/page"}],"author":[{"embeddable":true,"href":"https:\/\/grain-dpixel.fr\/info\/wp-json\/wp\/v2\/users\/1"}],"replies":[{"embeddable":true,"href":"https:\/\/grain-dpixel.fr\/info\/wp-json\/wp\/v2\/comments?post=4108"}],"version-history":[{"count":31,"href":"https:\/\/grain-dpixel.fr\/info\/wp-json\/wp\/v2\/pages\/4108\/revisions"}],"predecessor-version":[{"id":7289,"href":"https:\/\/grain-dpixel.fr\/info\/wp-json\/wp\/v2\/pages\/4108\/revisions\/7289"}],"wp:attachment":[{"href":"https:\/\/grain-dpixel.fr\/info\/wp-json\/wp\/v2\/media?parent=4108"}],"curies":[{"name":"wp","href":"https:\/\/api.w.org\/{rel}","templated":true}]}}