{"id":36,"date":"2015-05-24T13:00:51","date_gmt":"2015-05-24T12:00:51","guid":{"rendered":"https:\/\/graindpixel.wordpress.com\/?page_id=36"},"modified":"2025-11-24T12:06:20","modified_gmt":"2025-11-24T11:06:20","slug":"association","status":"publish","type":"page","link":"https:\/\/grain-dpixel.fr\/info\/association\/","title":{"rendered":"Association"},"content":{"rendered":"<p>Notre association a pour objets\u00a0:<\/p>\n<ul>\n<li>Promouvoir la photographie en \u00e9tablissant une communaut\u00e9 d\u2019acteurs amateurs et professionnels que ceux-ci pratiquent ou non cette activit\u00e9, pour les aider \u00e0 partager et faire partager leurs visions, leurs passions, leurs ressources et leurs moyens.<\/li>\n<li>Favoriser les \u00e9changes entre les amateurs, les professionnels, le public et d\u2019autres associations autour de la pratique de la photographie et permettre la mise en place de projets individuels et collectifs vari\u00e9s.<\/li>\n<\/ul>\n<p>D\u2019une fa\u00e7on ou d\u2019une autre, chacun a envie de progresser.<\/p>\n<p>Pour cela, il faut pratiquer, et pratiquer r\u00e9guli\u00e8rement, se challenger, exp\u00e9rimenter, sortir de sa zone de confort, avoir des projets\u2026.<\/p>\n<p>Plusieurs possibilit\u00e9s\u00a0:<\/p>\n<ul>\n<li>\u00a0<strong>Atelier lecture d\u2019image\u00a0<\/strong>: Atelier ludique au cours duquel vous pr\u00e9sentez 1 de vos images\u00a0<strong>prises dans le mois<\/strong>\u00a0sur un\u00a0<strong>th\u00e8me impos\u00e9<\/strong>, vous expliquez votre d\u00e9marche, vous recevez des commentaires, avis, conseils\u2026. C\u2019est aussi lors de cette s\u00e9ance que nous pr\u00e9sentons l\u2019\u0153uvre d\u2019un photographe, connu ou local ou membre de l&rsquo;association (ou les 3!).<\/li>\n<\/ul>\n<ul>\n<li><strong>Sorties\u00a0photo<\/strong>\u00a0:\u00a0Sur proposition des uns ou des autres, sorties pour\u00a0<strong>pratiquer en groupe<\/strong>\u00a0autour d\u2019une th\u00e9matique (photo de rue, les chats du caf\u00e9, les champs de coquelicots, autour du lac, etc\u2026)<\/li>\n<\/ul>\n<ul>\n<li><strong>Visites d\u2019expositions<\/strong>\u00a0: Pour aiguiser le regard sur la photographie, la technique, la compostions, les th\u00e9matiques, etc\u2026<\/li>\n<li><strong>Stages photographiques,<\/strong> suivant le calendrier mis en place tout au long de l&rsquo;ann\u00e9e.<\/li>\n<\/ul>\n<p>Et \u00e0 la demande :<\/p>\n<ul>\n<li>Ateliers informatique\u00a0: Ponctuellement, sur demande\/proposition, un moment pour progresser en post-traitement.<\/li>\n<li>Atelier \u00ab vers une d\u00e9marche artistique \u00bb : \u00c0 votre rythme, en petit comit\u00e9 et selon vos propositions, un espace d&rsquo;accompagnement pour progresser dans votre d\u00e9marche artistique.<\/li>\n<\/ul>\n<p>\u00a0<\/p>\n<p>Vous pouvez\u00a0<strong>adh\u00e9rer\u00a0<\/strong>\u00a0d\u00e8s maintenant en ligne\u00a0<strong><a href=\"http:\/\/grain-dpixel.fr\/info\/adhesion\/\">ICI<\/a><\/strong>\u00a0ou venir nous rencontrer au pr\u00e9alable \u00e0 l\u2019une de nos s\u00e9ances mensuelles de lecture d&rsquo;image.<\/p>\n<p>Grain d\u2019Pixel organise \u00e9galement des \u00e9v\u00e9nements r\u00e9guliers :<\/p>\n<ul>\n<li><strong>Exposition Photographie Contemporaine<\/strong> \u00e0 la galerie de l&rsquo;ancienne poste, une exposition tous les deux mois.<\/li>\n<li><strong>Festival Photographie Besan\u00e7on<\/strong>\u00a0: Au Kursaal et\u00a0Hors les Murs, en septembre\/octobre, plus de 50 photographes viennent montrer leur travail et \u00e9changer avec le public<\/li>\n<\/ul>\n\n\n<p><\/p>\n","protected":false},"excerpt":{"rendered":"<p>Notre association a pour objets\u00a0: Promouvoir la photographie en \u00e9tablissant une communaut\u00e9 d\u2019acteurs amateurs et professionnels que ceux-ci pratiquent ou non cette activit\u00e9, pour les aider \u00e0 partager et faire [&hellip;]<\/p>\n","protected":false},"author":1,"featured_media":0,"parent":0,"menu_order":0,"comment_status":"closed","ping_status":"closed","template":"","meta":{"_bbp_topic_count":0,"_bbp_reply_count":0,"_bbp_total_topic_count":0,"_bbp_total_reply_count":0,"_bbp_voice_count":0,"_bbp_anonymous_reply_count":0,"_bbp_topic_count_hidden":0,"_bbp_reply_count_hidden":0,"_bbp_forum_subforum_count":0,"_monsterinsights_skip_tracking":false,"_monsterinsights_sitenote_active":false,"_monsterinsights_sitenote_note":"","_monsterinsights_sitenote_category":0,"footnotes":""},"class_list":["post-36","page","type-page","status-publish","hentry"],"jetpack_sharing_enabled":true,"_links":{"self":[{"href":"https:\/\/grain-dpixel.fr\/info\/wp-json\/wp\/v2\/pages\/36","targetHints":{"allow":["GET"]}}],"collection":[{"href":"https:\/\/grain-dpixel.fr\/info\/wp-json\/wp\/v2\/pages"}],"about":[{"href":"https:\/\/grain-dpixel.fr\/info\/wp-json\/wp\/v2\/types\/page"}],"author":[{"embeddable":true,"href":"https:\/\/grain-dpixel.fr\/info\/wp-json\/wp\/v2\/users\/1"}],"replies":[{"embeddable":true,"href":"https:\/\/grain-dpixel.fr\/info\/wp-json\/wp\/v2\/comments?post=36"}],"version-history":[{"count":26,"href":"https:\/\/grain-dpixel.fr\/info\/wp-json\/wp\/v2\/pages\/36\/revisions"}],"predecessor-version":[{"id":17575,"href":"https:\/\/grain-dpixel.fr\/info\/wp-json\/wp\/v2\/pages\/36\/revisions\/17575"}],"wp:attachment":[{"href":"https:\/\/grain-dpixel.fr\/info\/wp-json\/wp\/v2\/media?parent=36"}],"curies":[{"name":"wp","href":"https:\/\/api.w.org\/{rel}","templated":true}]}}