{"id":33,"date":"2015-05-24T12:57:35","date_gmt":"2015-05-24T11:57:35","guid":{"rendered":"https:\/\/graindpixel.wordpress.com\/?page_id=33"},"modified":"2024-12-19T17:28:12","modified_gmt":"2024-12-19T16:28:12","slug":"nous-joindre","status":"publish","type":"page","link":"https:\/\/grain-dpixel.fr\/info\/nous-joindre\/","title":{"rendered":"Nous joindre"},"content":{"rendered":"\n<p>Si vous souhaitez adh\u00e9rez \u00e0 l&rsquo;association, <a href=\"http:\/\/grain-dpixel.fr\/info\/adhesion\/\" target=\"_blank\" rel=\"noreferrer noopener\">vous pouvez le faire en ligne ICI<\/a>.<br>Si vous souhaitez nous rencontrer, vous pouvez participer \u00e0 une \u00ab\u00a0session test\u00a0\u00bb de lecture d&rsquo;images organis\u00e9e mensuellement (envoyer un mail \u00e0 l&rsquo;adresse ci-dessous)Nous nous effor\u00e7ons de r\u00e9pondre le plus rapidement possible \u00e0 vos demandes de contact, mais il se peut que quelques jours passent, merci de votre patience.<\/p>\n\n\n\n<p>La plupart de nos rencontres ont lieu \u00e0 Besan\u00e7on.<\/p>\n\n\n\n<h3 class=\"wp-block-heading\"><strong><span style=\"color: #000080;\">Pour plus de renseignements, veuillez envoyer un courriel \u00e0 l&rsquo;adresse suivante&nbsp; :<\/span><\/strong><\/h3>\n\n\n\n<p class=\"has-medium-font-size\"><strong>secretaire&rsquo;at&rsquo;grain-dpixel.fr<\/strong><\/p>\n\n\n\n<p>&lsquo;<\/p>\n\n\n\n<p><em>En conformit\u00e9 avec le RGPD, nous vous informons que les informations envoy\u00e9es via le formulaire d&rsquo;adh\u00e9sion seront int\u00e9gr\u00e9es dans notre base d&rsquo;envoi des newsletters (env 6 par an) qui comprennent un lien de d\u00e9sinscription.<\/em><\/p>\n","protected":false},"excerpt":{"rendered":"<p>Si vous souhaitez adh\u00e9rez \u00e0 l&rsquo;association, vous pouvez le faire en ligne ICI.Si vous souhaitez nous rencontrer, vous pouvez participer \u00e0 une \u00ab\u00a0session test\u00a0\u00bb de lecture d&rsquo;images organis\u00e9e mensuellement (envoyer [&hellip;]<\/p>\n","protected":false},"author":1,"featured_media":0,"parent":0,"menu_order":0,"comment_status":"closed","ping_status":"closed","template":"","meta":{"_bbp_topic_count":0,"_bbp_reply_count":0,"_bbp_total_topic_count":0,"_bbp_total_reply_count":0,"_bbp_voice_count":0,"_bbp_anonymous_reply_count":0,"_bbp_topic_count_hidden":0,"_bbp_reply_count_hidden":0,"_bbp_forum_subforum_count":0,"_monsterinsights_skip_tracking":false,"_monsterinsights_sitenote_active":false,"_monsterinsights_sitenote_note":"","_monsterinsights_sitenote_category":0,"footnotes":""},"class_list":["post-33","page","type-page","status-publish","hentry"],"jetpack_sharing_enabled":true,"_links":{"self":[{"href":"https:\/\/grain-dpixel.fr\/info\/wp-json\/wp\/v2\/pages\/33","targetHints":{"allow":["GET"]}}],"collection":[{"href":"https:\/\/grain-dpixel.fr\/info\/wp-json\/wp\/v2\/pages"}],"about":[{"href":"https:\/\/grain-dpixel.fr\/info\/wp-json\/wp\/v2\/types\/page"}],"author":[{"embeddable":true,"href":"https:\/\/grain-dpixel.fr\/info\/wp-json\/wp\/v2\/users\/1"}],"replies":[{"embeddable":true,"href":"https:\/\/grain-dpixel.fr\/info\/wp-json\/wp\/v2\/comments?post=33"}],"version-history":[{"count":17,"href":"https:\/\/grain-dpixel.fr\/info\/wp-json\/wp\/v2\/pages\/33\/revisions"}],"predecessor-version":[{"id":16687,"href":"https:\/\/grain-dpixel.fr\/info\/wp-json\/wp\/v2\/pages\/33\/revisions\/16687"}],"wp:attachment":[{"href":"https:\/\/grain-dpixel.fr\/info\/wp-json\/wp\/v2\/media?parent=33"}],"curies":[{"name":"wp","href":"https:\/\/api.w.org\/{rel}","templated":true}]}}