{"id":10990,"date":"2022-09-03T22:07:55","date_gmt":"2022-09-03T20:07:55","guid":{"rendered":"http:\/\/grain-dpixel.fr\/info\/?page_id=10990"},"modified":"2022-09-03T22:07:55","modified_gmt":"2022-09-03T20:07:55","slug":"rallye-2022","status":"publish","type":"page","link":"https:\/\/grain-dpixel.fr\/info\/rallye-2022\/","title":{"rendered":"Rallye 2022"},"content":{"rendered":"\n<h2 class=\"has-text-align-center wp-block-heading\">Grain d&rsquo;Pixel vous lance<br>4 d\u00e9fis photographiques, en 4 heures<br>et seulement 4 photos.<\/h2>\n\n\n\n<div class=\"wp-block-media-text alignwide is-stacked-on-mobile\"><figure class=\"wp-block-media-text__media\"><video controls src=\"http:\/\/grain-dpixel.fr\/info\/wp-content\/uploads\/2022\/09\/Promotion-rallye-qualite-STANDARD.mov\"><\/video><\/figure><div class=\"wp-block-media-text__content\">\n<h3 class=\"has-text-align-center wp-block-heading\" id=\"block-31aae0ea-2613-4e31-a23e-63a4f7bdda9e\">Le 24 septembre 2022<br>de 14h00 \u00e0 18h00<\/h3>\n\n\n\n<p><\/p>\n\n\n\n<p class=\"has-normal-font-size\">Munis de votre propre mat\u00e9riel photographique, toutes les heures vous d\u00e9couvrirez la nature d&rsquo;un d\u00e9fi \u00e0 relever en 60 minutes max.<\/p>\n\n\n\n<p class=\"has-text-align-left has-medium-font-size\">Le rallye est ouvert \u00e0 tous, amateur, \u00e9tudiant ou professionnel et il est possible de participer avec un smartphone \u00e0 condition de pouvoir envoyer sa photo par mail \u00e0 la fin de chaque p\u00e9riode.<\/p>\n\n\n\n<p><\/p>\n\n\n\n<p>Votre terrain de jeu sera le centre ville de Besan\u00e7on. L&rsquo;enjeu : r\u00e9v\u00e9ler dans une seule photo votre<strong> sens artistique<\/strong> en <strong>respectant les termes <\/strong>du d\u00e9fi. Un jury de professionnels d\u00e9signera 3 laur\u00e9ats par d\u00e9fi et un prix sp\u00e9cial. Les laur\u00e9ats seront r\u00e9compens\u00e9s.<\/p>\n\n\n\n<p>Le Rallye Photographie Besan\u00e7on c&rsquo;est l&rsquo;occasion de partager la passion de la photographie entre les concurrents pendant les d\u00e9fis mais pas seulement. En acceptant de concourir, vous accepter de c\u00e9der un tirage de l&rsquo;une de vos photographies \u00e0 un autre concurrent. Pendant que le jury d\u00e9lib\u00e8re, vous aurez tout le temps de discuter entre vous pour choisir une photo d&rsquo;un des autres participants.<br>Et vous pourrez voter pour votre photo pr\u00e9f\u00e9r\u00e9e parmi toutes celles qui auront \u00e9t\u00e9 soumises par tous les concurrents lors des trois premiers d\u00e9fis.<\/p>\n<\/div><\/div>\n\n\n\n<p class=\"has-text-align-center\">La participation implique l&rsquo;acceptation du<br><a href=\"http:\/\/grain-dpixel.fr\/info\/wp-content\/uploads\/2022\/09\/Reglement_complet_du_rallye_photo_du_festival_besancon_2022.pdf\"><strong>R\u00e8glement complet du Rallye Photo du Festival Photographie Besan\u00e7on_2022<\/strong><\/a><\/p>\n\n\n\n<p class=\"has-text-align-center\"><a rel=\"noreferrer noopener\" href=\"http:\/\/grain-dpixel.fr\/info\/wp-content\/uploads\/2021\/08\/parking-CD25.jpg\" target=\"_blank\"><strong>Parking et plan d&rsquo;acc\u00e8s au centre dioc\u00e9sain<\/strong><\/a><\/p>\n\n\n\n<p class=\"has-text-align-center\">Les frais de participation s&rsquo;\u00e9l\u00e8vent \u00e0<strong> 15\u20ac en individuel<\/strong> ou <strong>20\u20ac en \u00e9quipe<\/strong> de deux personnes<\/p>\n\n\n\n<p class=\"has-text-align-center\" style=\"font-size:33px\"><a href=\"https:\/\/www.helloasso.com\/associations\/grain-d-pixel\/evenements\/inscription-au-rallye-photo-2021-par-graind-pixel-2\">Sur inscription \u00e0 partir du 1er septembre<\/a><\/p>\n","protected":false},"excerpt":{"rendered":"<p>Grain d&rsquo;Pixel vous lance4 d\u00e9fis photographiques, en 4 heureset seulement 4 photos. Le 24 septembre 2022de 14h00 \u00e0 18h00 Munis de votre propre mat\u00e9riel photographique, toutes les heures vous d\u00e9couvrirez [&hellip;]<\/p>\n","protected":false},"author":76,"featured_media":0,"parent":0,"menu_order":0,"comment_status":"closed","ping_status":"closed","template":"","meta":{"_bbp_topic_count":0,"_bbp_reply_count":0,"_bbp_total_topic_count":0,"_bbp_total_reply_count":0,"_bbp_voice_count":0,"_bbp_anonymous_reply_count":0,"_bbp_topic_count_hidden":0,"_bbp_reply_count_hidden":0,"_bbp_forum_subforum_count":0,"_monsterinsights_skip_tracking":false,"_monsterinsights_sitenote_active":false,"_monsterinsights_sitenote_note":"","_monsterinsights_sitenote_category":0,"footnotes":""},"class_list":["post-10990","page","type-page","status-publish","hentry"],"jetpack_sharing_enabled":true,"_links":{"self":[{"href":"https:\/\/grain-dpixel.fr\/info\/wp-json\/wp\/v2\/pages\/10990","targetHints":{"allow":["GET"]}}],"collection":[{"href":"https:\/\/grain-dpixel.fr\/info\/wp-json\/wp\/v2\/pages"}],"about":[{"href":"https:\/\/grain-dpixel.fr\/info\/wp-json\/wp\/v2\/types\/page"}],"author":[{"embeddable":true,"href":"https:\/\/grain-dpixel.fr\/info\/wp-json\/wp\/v2\/users\/76"}],"replies":[{"embeddable":true,"href":"https:\/\/grain-dpixel.fr\/info\/wp-json\/wp\/v2\/comments?post=10990"}],"version-history":[{"count":1,"href":"https:\/\/grain-dpixel.fr\/info\/wp-json\/wp\/v2\/pages\/10990\/revisions"}],"predecessor-version":[{"id":11032,"href":"https:\/\/grain-dpixel.fr\/info\/wp-json\/wp\/v2\/pages\/10990\/revisions\/11032"}],"wp:attachment":[{"href":"https:\/\/grain-dpixel.fr\/info\/wp-json\/wp\/v2\/media?parent=10990"}],"curies":[{"name":"wp","href":"https:\/\/api.w.org\/{rel}","templated":true}]}}