{"id":10952,"date":"2022-08-29T10:08:14","date_gmt":"2022-08-29T08:08:14","guid":{"rendered":"http:\/\/grain-dpixel.fr\/info\/?page_id=10952"},"modified":"2022-09-04T08:50:35","modified_gmt":"2022-09-04T06:50:35","slug":"masterclass-2022","status":"publish","type":"page","link":"https:\/\/grain-dpixel.fr\/info\/masterclass-2022\/","title":{"rendered":"MasterClass 2022"},"content":{"rendered":"\n<h2 class=\"has-text-align-center wp-block-heading\">Chaque ann\u00e9e notre invit\u00e9 d&rsquo;honneur anime une MasterClass dans le cadre du Festival.<\/h2>\n\n\n\n<p class=\"has-text-align-center has-medium-font-size\">Inscriptions \u00e0 partir du 4\/9<br>Limit\u00e9 \u00e0 10 participants<\/p>\n\n\n\n<iframe id=\"iframe_assoconnect\" src=\"https:\/\/grain-d-pixel-association-pour-la-photographie.assoconnect.com\/collect\/description\/256149-j-masterclass-charles-delcourt-quartier-battant-photographie-documentaire-et-regard-d-auteur?iframe=1\" style=\"overflow: hidden; border: 0; max-height: none;\" scrolling=\"no\" onload=\"window.location.href='#iframe_assoconnect'\" width=\"100%\"><\/iframe><script>window.addEventListener(\"message\", function(event) {if(event.data.action === \"iframe.height\" && event.origin === \"https:\/\/grain-d-pixel-association-pour-la-photographie.assoconnect.com\"){document.getElementById(\"iframe_assoconnect\").height = event.data.height;}});<\/script><style>#iframe_assoconnect{border: 0}<\/style>\n\n\n\n<p><\/p>\n","protected":false},"excerpt":{"rendered":"<p>Chaque ann\u00e9e notre invit\u00e9 d&rsquo;honneur anime une MasterClass dans le cadre du Festival. Inscriptions \u00e0 partir du 4\/9Limit\u00e9 \u00e0 10 participants<\/p>\n","protected":false},"author":1,"featured_media":0,"parent":0,"menu_order":0,"comment_status":"closed","ping_status":"closed","template":"","meta":{"_bbp_topic_count":0,"_bbp_reply_count":0,"_bbp_total_topic_count":0,"_bbp_total_reply_count":0,"_bbp_voice_count":0,"_bbp_anonymous_reply_count":0,"_bbp_topic_count_hidden":0,"_bbp_reply_count_hidden":0,"_bbp_forum_subforum_count":0,"_monsterinsights_skip_tracking":false,"_monsterinsights_sitenote_active":false,"_monsterinsights_sitenote_note":"","_monsterinsights_sitenote_category":0,"footnotes":""},"class_list":["post-10952","page","type-page","status-publish","hentry"],"jetpack_sharing_enabled":true,"_links":{"self":[{"href":"https:\/\/grain-dpixel.fr\/info\/wp-json\/wp\/v2\/pages\/10952","targetHints":{"allow":["GET"]}}],"collection":[{"href":"https:\/\/grain-dpixel.fr\/info\/wp-json\/wp\/v2\/pages"}],"about":[{"href":"https:\/\/grain-dpixel.fr\/info\/wp-json\/wp\/v2\/types\/page"}],"author":[{"embeddable":true,"href":"https:\/\/grain-dpixel.fr\/info\/wp-json\/wp\/v2\/users\/1"}],"replies":[{"embeddable":true,"href":"https:\/\/grain-dpixel.fr\/info\/wp-json\/wp\/v2\/comments?post=10952"}],"version-history":[{"count":5,"href":"https:\/\/grain-dpixel.fr\/info\/wp-json\/wp\/v2\/pages\/10952\/revisions"}],"predecessor-version":[{"id":11037,"href":"https:\/\/grain-dpixel.fr\/info\/wp-json\/wp\/v2\/pages\/10952\/revisions\/11037"}],"wp:attachment":[{"href":"https:\/\/grain-dpixel.fr\/info\/wp-json\/wp\/v2\/media?parent=10952"}],"curies":[{"name":"wp","href":"https:\/\/api.w.org\/{rel}","templated":true}]}}