{"id":10156,"date":"2022-03-14T16:24:14","date_gmt":"2022-03-14T15:24:14","guid":{"rendered":"http:\/\/grain-dpixel.fr\/info\/?page_id=10156"},"modified":"2022-04-09T07:04:19","modified_gmt":"2022-04-09T05:04:19","slug":"la-promesse-de-lancre-en-attendant-rodin","status":"publish","type":"page","link":"https:\/\/grain-dpixel.fr\/info\/expositions-photographie-contemporaine-grain-dpixel\/la-promesse-de-lancre-en-attendant-rodin\/","title":{"rendered":"La Promesse de l&rsquo;Ancre &#8211; En attendant Rodin"},"content":{"rendered":"\n<figure class=\"wp-block-image size-large\"><a href=\"http:\/\/grain-dpixel.fr\/info\/wp-content\/uploads\/2022\/03\/Affiche-Avril.jpg\"><img fetchpriority=\"high\" decoding=\"async\" width=\"724\" height=\"1024\" src=\"http:\/\/grain-dpixel.fr\/info\/wp-content\/uploads\/2022\/03\/Affiche-Avril-724x1024.jpg\" alt=\"\" class=\"wp-image-10158\" srcset=\"https:\/\/grain-dpixel.fr\/info\/wp-content\/uploads\/2022\/03\/Affiche-Avril-724x1024.jpg 724w, https:\/\/grain-dpixel.fr\/info\/wp-content\/uploads\/2022\/03\/Affiche-Avril-212x300.jpg 212w, https:\/\/grain-dpixel.fr\/info\/wp-content\/uploads\/2022\/03\/Affiche-Avril-768x1087.jpg 768w, https:\/\/grain-dpixel.fr\/info\/wp-content\/uploads\/2022\/03\/Affiche-Avril-1085x1536.jpg 1085w, https:\/\/grain-dpixel.fr\/info\/wp-content\/uploads\/2022\/03\/Affiche-Avril.jpg 1447w\" sizes=\"(max-width: 724px) 100vw, 724px\" \/><\/a><\/figure>\n\n\n\n<p>Samedi 9 avril : de 10h00 \u00e0 12h00 et de 14h00 \u00e0 18h00 &#8211; Vernissage \u00e0 18h00<br>Dimanche 10 avril : <strong><a rel=\"noreferrer noopener\" href=\"https:\/\/grain-d-pixel-association-pour-la-photographie.assoconnect.com\/collect\/description\/230994-m-visite-privee-de-l-exposition-en-attendant-rodin\" data-type=\"URL\" data-id=\"https:\/\/grain-d-pixel-association-pour-la-photographie.assoconnect.com\/collect\/description\/230994-m-visite-privee-de-l-exposition-en-attendant-rodin\" target=\"_blank\">Visite priv\u00e9e de 10h00 \u00e0 12h00 (sur r\u00e9servation en pr\u00e9sence de l&rsquo;artiste)<\/a><\/strong> et de 14h00 \u00e0 18h00<br>Lundi 11 avril : de 14h00 \u00e0 18h00 <br>Mardi 12 avril : de 14h00 \u00e0 18h00<br>Mercredi 13 avril : de 14h00 \u00e0 18h00<br>Jeudi 14 avril : de 14h00 \u00e0 18h00<br>Vendredi 15 avril : de 14h00 \u00e0 18h00<br>Samedi 16 avril : <a rel=\"noreferrer noopener\" href=\"https:\/\/grain-d-pixel-association-pour-la-photographie.assoconnect.com\/collect\/description\/230994-m-visite-privee-de-l-exposition-en-attendant-rodin\" data-type=\"URL\" data-id=\"https:\/\/grain-d-pixel-association-pour-la-photographie.assoconnect.com\/collect\/description\/230994-m-visite-privee-de-l-exposition-en-attendant-rodin\" target=\"_blank\"><strong>Visite priv\u00e9e de 10h00 \u00e0 12h00 (sur r\u00e9servation en pr\u00e9sence de l&rsquo;artiste)<\/strong><\/a> et de 14h00 \u00e0 18h00<br>Dimanche 17 avril : de 14h00 \u00e0 18h00<\/p>\n","protected":false},"excerpt":{"rendered":"<p>Samedi 9 avril : de 10h00 \u00e0 12h00 et de 14h00 \u00e0 18h00 &#8211; Vernissage \u00e0 18h00Dimanche 10 avril : Visite priv\u00e9e de 10h00 \u00e0 12h00 (sur r\u00e9servation en pr\u00e9sence [&hellip;]<\/p>\n","protected":false},"author":1,"featured_media":10159,"parent":9953,"menu_order":0,"comment_status":"closed","ping_status":"closed","template":"","meta":{"_bbp_topic_count":0,"_bbp_reply_count":0,"_bbp_total_topic_count":0,"_bbp_total_reply_count":0,"_bbp_voice_count":0,"_bbp_anonymous_reply_count":0,"_bbp_topic_count_hidden":0,"_bbp_reply_count_hidden":0,"_bbp_forum_subforum_count":0,"_monsterinsights_skip_tracking":false,"_monsterinsights_sitenote_active":false,"_monsterinsights_sitenote_note":"","_monsterinsights_sitenote_category":0,"footnotes":""},"class_list":["post-10156","page","type-page","status-publish","has-post-thumbnail","hentry"],"jetpack_sharing_enabled":true,"_links":{"self":[{"href":"https:\/\/grain-dpixel.fr\/info\/wp-json\/wp\/v2\/pages\/10156","targetHints":{"allow":["GET"]}}],"collection":[{"href":"https:\/\/grain-dpixel.fr\/info\/wp-json\/wp\/v2\/pages"}],"about":[{"href":"https:\/\/grain-dpixel.fr\/info\/wp-json\/wp\/v2\/types\/page"}],"author":[{"embeddable":true,"href":"https:\/\/grain-dpixel.fr\/info\/wp-json\/wp\/v2\/users\/1"}],"replies":[{"embeddable":true,"href":"https:\/\/grain-dpixel.fr\/info\/wp-json\/wp\/v2\/comments?post=10156"}],"version-history":[{"count":3,"href":"https:\/\/grain-dpixel.fr\/info\/wp-json\/wp\/v2\/pages\/10156\/revisions"}],"predecessor-version":[{"id":10319,"href":"https:\/\/grain-dpixel.fr\/info\/wp-json\/wp\/v2\/pages\/10156\/revisions\/10319"}],"up":[{"embeddable":true,"href":"https:\/\/grain-dpixel.fr\/info\/wp-json\/wp\/v2\/pages\/9953"}],"wp:featuredmedia":[{"embeddable":true,"href":"https:\/\/grain-dpixel.fr\/info\/wp-json\/wp\/v2\/media\/10159"}],"wp:attachment":[{"href":"https:\/\/grain-dpixel.fr\/info\/wp-json\/wp\/v2\/media?parent=10156"}],"curies":[{"name":"wp","href":"https:\/\/api.w.org\/{rel}","templated":true}]}}